{"id":48,"date":"2024-12-03T20:08:29","date_gmt":"2024-12-03T19:08:29","guid":{"rendered":"https:\/\/www.kgv-ueberherrn.de\/?page_id=48"},"modified":"2026-03-27T14:06:54","modified_gmt":"2026-03-27T13:06:54","slug":"freie-gaerten","status":"publish","type":"page","link":"https:\/\/www.kgv-ueberherrn.de\/index.php\/freie-gaerten\/","title":{"rendered":"Freie G\u00e4rten"},"content":{"rendered":"\n<h2 class=\"wp-block-heading\">Freie G\u00e4rten in unserer Kleingartenanlage!<\/h2>\n\n\n\n<p><\/p>\n\n\n\n<p>Aktuell sind im Kleing\u00e4rtnerverein \u00dcberherrn-Wohnstadt e.V. zwei G\u00e4rten frei und k\u00f6nnen von interessierten Mitgliedern \u00fcbernommen werden:<\/p>\n\n\n\n<ul class=\"wp-block-list\">\n<li><strong>Garten 46<\/strong><\/li>\n<\/ul>\n\n\n\n<p>Wenn Sie Interesse an einem der freien G\u00e4rten haben, melden Sie sich gerne bei uns! Weitere Informationen zu den jeweiligen G\u00e4rten und den \u00dcbernahmemodalit\u00e4ten erhalten Sie direkt durch Kontaktaufnahme mit unserem 1. Vorsitzenden (<a href=\"https:\/\/www.kgv-ueberherrn.de\/index.php\/vorstand\/\" data-type=\"page\" data-id=\"107\">Vorstand<\/a>).<\/p>\n\n\n\n<p><\/p>\n\n\n\n<p><\/p>\n","protected":false},"excerpt":{"rendered":"<p>Freie G\u00e4rten in unserer Kleingartenanlage! Aktuell sind im Kleing\u00e4rtnerverein \u00dcberherrn-Wohnstadt e.V. zwei G\u00e4rten frei und k\u00f6nnen von interessierten Mitgliedern \u00fcbernommen werden: Wenn Sie Interesse an einem der freien G\u00e4rten haben, melden Sie sich gerne bei uns! Weitere Informationen zu den jeweiligen G\u00e4rten und den \u00dcbernahmemodalit\u00e4ten erhalten Sie direkt durch Kontaktaufnahme [&hellip;]<\/p>\n","protected":false},"author":1,"featured_media":0,"parent":0,"menu_order":0,"comment_status":"closed","ping_status":"closed","template":"","meta":{"footnotes":""},"class_list":["post-48","page","type-page","status-publish","hentry"],"_links":{"self":[{"href":"https:\/\/www.kgv-ueberherrn.de\/index.php\/wp-json\/wp\/v2\/pages\/48","targetHints":{"allow":["GET"]}}],"collection":[{"href":"https:\/\/www.kgv-ueberherrn.de\/index.php\/wp-json\/wp\/v2\/pages"}],"about":[{"href":"https:\/\/www.kgv-ueberherrn.de\/index.php\/wp-json\/wp\/v2\/types\/page"}],"author":[{"embeddable":true,"href":"https:\/\/www.kgv-ueberherrn.de\/index.php\/wp-json\/wp\/v2\/users\/1"}],"replies":[{"embeddable":true,"href":"https:\/\/www.kgv-ueberherrn.de\/index.php\/wp-json\/wp\/v2\/comments?post=48"}],"version-history":[{"count":13,"href":"https:\/\/www.kgv-ueberherrn.de\/index.php\/wp-json\/wp\/v2\/pages\/48\/revisions"}],"predecessor-version":[{"id":219,"href":"https:\/\/www.kgv-ueberherrn.de\/index.php\/wp-json\/wp\/v2\/pages\/48\/revisions\/219"}],"wp:attachment":[{"href":"https:\/\/www.kgv-ueberherrn.de\/index.php\/wp-json\/wp\/v2\/media?parent=48"}],"curies":[{"name":"wp","href":"https:\/\/api.w.org\/{rel}","templated":true}]}}