{"id":46,"date":"2024-12-03T20:08:01","date_gmt":"2024-12-03T19:08:01","guid":{"rendered":"https:\/\/www.kgv-ueberherrn.de\/?page_id=46"},"modified":"2024-12-09T16:07:58","modified_gmt":"2024-12-09T15:07:58","slug":"ueber-uns","status":"publish","type":"page","link":"https:\/\/www.kgv-ueberherrn.de\/","title":{"rendered":"Gru\u00dfwort"},"content":{"rendered":"\n<h2 class=\"wp-block-heading\">Gru\u00dfwort<\/h2>\n\n\n\n<p class=\"has-text-align-left\">Seit unserer Gr\u00fcndung im Jahr 1984 sind wir ein Ort der Gemeinschaft, der Naturverbundenheit und der Freude am G\u00e4rtnern. Mit insgesamt 46 liebevoll gestalteten G\u00e4rten bieten wir unseren Mitgliedern die M\u00f6glichkeit, ihre Leidenschaft f\u00fcr das G\u00e4rtnern auszuleben und die Sch\u00f6nheit der Natur in vollen Z\u00fcgen zu genie\u00dfen.<\/p>\n\n\n\n<p class=\"has-text-align-left\">Unser Verein ist nicht nur ein Platz zum G\u00e4rtnern, sondern auch ein Treffpunkt f\u00fcr Gleichgesinnte, die den Austausch und die Geselligkeit sch\u00e4tzen. Hier entstehen Freundschaften, und gemeinsam erleben wir die Jahreszeiten und die Vielfalt der Natur.<\/p>\n\n\n\n<p class=\"has-text-align-left\">Egal, ob Sie bereits ein erfahrener G\u00e4rtner sind oder gerade erst anfangen m\u00f6chten \u2013 bei uns sind Sie herzlich willkommen! Wir freuen uns darauf, Sie in unserer Gemeinschaft zu begr\u00fc\u00dfen und gemeinsam die Freude am G\u00e4rtnern zu teilen.<\/p>\n\n\n\n<p class=\"has-text-align-left\">Herzliche Gr\u00fc\u00dfe,<br>Ihr Kleing\u00e4rtnerverein \u00dcberherrn-Wohnstadt e.V.<\/p>\n\n\n\n<p class=\"has-text-align-left\"><\/p>\n\n\n\n<p><\/p>\n","protected":false},"excerpt":{"rendered":"<p>Gru\u00dfwort Seit unserer Gr\u00fcndung im Jahr 1984 sind wir ein Ort der Gemeinschaft, der Naturverbundenheit und der Freude am G\u00e4rtnern. Mit insgesamt 46 liebevoll gestalteten G\u00e4rten bieten wir unseren Mitgliedern die M\u00f6glichkeit, ihre Leidenschaft f\u00fcr das G\u00e4rtnern auszuleben und die Sch\u00f6nheit der Natur in vollen Z\u00fcgen zu genie\u00dfen. Unser Verein [&hellip;]<\/p>\n","protected":false},"author":1,"featured_media":0,"parent":0,"menu_order":0,"comment_status":"closed","ping_status":"closed","template":"","meta":{"footnotes":""},"class_list":["post-46","page","type-page","status-publish","hentry"],"_links":{"self":[{"href":"https:\/\/www.kgv-ueberherrn.de\/index.php\/wp-json\/wp\/v2\/pages\/46","targetHints":{"allow":["GET"]}}],"collection":[{"href":"https:\/\/www.kgv-ueberherrn.de\/index.php\/wp-json\/wp\/v2\/pages"}],"about":[{"href":"https:\/\/www.kgv-ueberherrn.de\/index.php\/wp-json\/wp\/v2\/types\/page"}],"author":[{"embeddable":true,"href":"https:\/\/www.kgv-ueberherrn.de\/index.php\/wp-json\/wp\/v2\/users\/1"}],"replies":[{"embeddable":true,"href":"https:\/\/www.kgv-ueberherrn.de\/index.php\/wp-json\/wp\/v2\/comments?post=46"}],"version-history":[{"count":7,"href":"https:\/\/www.kgv-ueberherrn.de\/index.php\/wp-json\/wp\/v2\/pages\/46\/revisions"}],"predecessor-version":[{"id":102,"href":"https:\/\/www.kgv-ueberherrn.de\/index.php\/wp-json\/wp\/v2\/pages\/46\/revisions\/102"}],"wp:attachment":[{"href":"https:\/\/www.kgv-ueberherrn.de\/index.php\/wp-json\/wp\/v2\/media?parent=46"}],"curies":[{"name":"wp","href":"https:\/\/api.w.org\/{rel}","templated":true}]}}